{"id":134,"date":"2022-06-21T11:03:45","date_gmt":"2022-06-21T09:03:45","guid":{"rendered":"https:\/\/woofco.fr\/?page_id=134"},"modified":"2022-06-21T13:27:04","modified_gmt":"2022-06-21T11:27:04","slug":"mentions-legales","status":"publish","type":"page","link":"https:\/\/woofco.fr\/index.php\/mentions-legales\/","title":{"rendered":"Mentions l\u00e9gales"},"content":{"rendered":"\n<h3>Pr\u00e9sentation du site<\/h3>\n\n\n\n<p><strong>N\u00b0 SIRET<\/strong>\u00a0: 90387692800016<\/p>\n\n\n\n<p><strong>Responsable publication du site\u00a0<\/strong>\u00a0: Woof &amp; Co Compagny \u2013 caroline@woofco.fr \u2013 06 27 06 12 02<\/p>\n\n\n\n<h3>H\u00e9bergeur du site<\/h3>\n\n\n\n<p>OVHcloud<\/p>\n\n\n\n<p><strong>Adresse<\/strong> SAS\u00a0: \u00a02 rue Kellermann \u2013 BP 80157 59053 ROUBAIX CEDEX 1<\/p>\n\n\n\n<p><strong>Num\u00e9ro de t\u00e9l\u00e9phone<\/strong>\u00a0: 09 55 00 66 33<\/p>\n","protected":false},"excerpt":{"rendered":"<p>Pr\u00e9sentation du site N\u00b0 SIRET\u00a0: 90387692800016 Responsable publication du site\u00a0\u00a0: Woof &amp; Co Compagny \u2013 caroline@woofco.fr \u2013 06 27 06 12 02 H\u00e9bergeur du site OVHcloud Adresse SAS\u00a0: \u00a02 rue Kellermann \u2013 BP 80157 59053 ROUBAIX CEDEX 1 Num\u00e9ro de t\u00e9l\u00e9phone\u00a0: 09 55 00 66 33<\/p>\n","protected":false},"author":2,"featured_media":0,"parent":0,"menu_order":0,"comment_status":"closed","ping_status":"closed","template":"","meta":[],"acf":[],"_links":{"self":[{"href":"https:\/\/woofco.fr\/index.php\/wp-json\/wp\/v2\/pages\/134"}],"collection":[{"href":"https:\/\/woofco.fr\/index.php\/wp-json\/wp\/v2\/pages"}],"about":[{"href":"https:\/\/woofco.fr\/index.php\/wp-json\/wp\/v2\/types\/page"}],"author":[{"embeddable":true,"href":"https:\/\/woofco.fr\/index.php\/wp-json\/wp\/v2\/users\/2"}],"replies":[{"embeddable":true,"href":"https:\/\/woofco.fr\/index.php\/wp-json\/wp\/v2\/comments?post=134"}],"version-history":[{"count":3,"href":"https:\/\/woofco.fr\/index.php\/wp-json\/wp\/v2\/pages\/134\/revisions"}],"predecessor-version":[{"id":151,"href":"https:\/\/woofco.fr\/index.php\/wp-json\/wp\/v2\/pages\/134\/revisions\/151"}],"wp:attachment":[{"href":"https:\/\/woofco.fr\/index.php\/wp-json\/wp\/v2\/media?parent=134"}],"curies":[{"name":"wp","href":"https:\/\/api.w.org\/{rel}","templated":true}]}}